{"id":17,"date":"2024-06-29T11:14:04","date_gmt":"2024-06-29T11:14:04","guid":{"rendered":"http:\/\/xtratheme.com\/default\/?page_id=17"},"modified":"2025-12-16T13:01:41","modified_gmt":"2025-12-16T12:01:41","slug":"kontakt","status":"publish","type":"page","link":"https:\/\/cialo.org\/en\/kontakt\/","title":{"rendered":"Contact"},"content":{"rendered":"<div data-elementor-type=\"wp-page\" data-elementor-id=\"17\" class=\"elementor elementor-17\">\n\t\t\t\t<div class=\"elementor-element elementor-element-b54983d e-flex e-con-boxed e-con e-parent\" data-id=\"b54983d\" data-element_type=\"container\">\n\t\t\t\t\t<div class=\"e-con-inner\">\n\t\t<div class=\"elementor-element elementor-element-85f5b3d e-con-full e-flex e-con e-child\" data-id=\"85f5b3d\" data-element_type=\"container\">\n\t\t\t\t<div class=\"elementor-element elementor-element-93e78d0 elementor-widget elementor-widget-cz_title\" data-id=\"93e78d0\" data-element_type=\"widget\" data-widget_type=\"cz_title.default\">\n\t\t\t\t<div class=\"elementor-widget-container\">\n\t\t\t\t\t\t\r\n\t\t<div>\r\n\t\t\t<div class=\"cz_title clr cz_title_has_icon cz_title_pos_inline\"><a href=\"mailto:shop@cialo.org\"><div class=\"cz_title_content\"><i class=\"cz_title_icon_before fa czico-093-email\"><\/i><div class=\"cz_wpe_content\"><h5><span style=\"color: #ea3832;\">E-mail:<\/span><\/h5><p>shop@cialo.org<\/p><\/div><\/div><\/a><\/div>\r\n\t\t<\/div>\r\n\t\t\r\n\t\t\t\t\t\t<\/div>\n\t\t\t\t<\/div>\n\t\t\t\t<div class=\"elementor-element elementor-element-f2aa52f elementor-widget elementor-widget-cz_title\" data-id=\"f2aa52f\" data-element_type=\"widget\" data-widget_type=\"cz_title.default\">\n\t\t\t\t<div class=\"elementor-widget-container\">\n\t\t\t\t\t\t\r\n\t\t<div>\r\n\t\t\t<div class=\"cz_title clr cz_title_has_icon cz_title_pos_inline\"><a href=\"https:\/\/maps.app.goo.gl\/esfcfEVQfupn8JAy6\"><div class=\"cz_title_content\"><i class=\"cz_title_icon_before fa czico-083-placeholder-1\"><\/i><div class=\"cz_wpe_content\"><h5><span style=\"color: #ea3832;\">Adres:<\/span><\/h5>\nKlub Cia\u0142o<br \/>Joannit\u00f3w 13 50-086 Wroc\u0142aw<\/div><\/div><\/a><\/div>\r\n\t\t<\/div>\r\n\t\t\r\n\t\t\t\t\t\t<\/div>\n\t\t\t\t<\/div>\n\t\t\t\t<div class=\"elementor-element elementor-element-18cdb87 elementor-widget elementor-widget-cz_title\" data-id=\"18cdb87\" data-element_type=\"widget\" data-widget_type=\"cz_title.default\">\n\t\t\t\t<div class=\"elementor-widget-container\">\n\t\t\t\t\t\t\r\n\t\t<div>\r\n\t\t\t<div class=\"cz_title clr cz_title_has_icon cz_title_pos_inline\"><a href=\"#\"><div class=\"cz_title_content\"><i class=\"cz_title_icon_before fa czico-083-placeholder-1\"><\/i><div class=\"cz_wpe_content\"><h5><span style=\"color: #ea3832;\">Adres firmy:<\/span><\/h5><p>FULLGRASP SP. Z O.O.<br \/>Chemiczna 5\/5<br \/>50-336 Wroc\u0142aw<br \/>570 739 338<\/p><\/div><\/div><\/a><\/div>\r\n\t\t<\/div>\r\n\t\t\r\n\t\t\t\t\t\t<\/div>\n\t\t\t\t<\/div>\n\t\t\t\t<\/div>\n\t\t<div class=\"elementor-element elementor-element-e4af517 e-con-full e-flex e-con e-child\" data-id=\"e4af517\" data-element_type=\"container\">\n\t\t\t\t<div class=\"elementor-element elementor-element-705c1b7 elementor-widget elementor-widget-cz_title\" data-id=\"705c1b7\" data-element_type=\"widget\" data-widget_type=\"cz_title.default\">\n\t\t\t\t<div class=\"elementor-widget-container\">\n\t\t\t\t\t\t\r\n\t\t<div>\r\n\t\t\t<div class=\"cz_title clr cz_title_has_icon cz_title_pos_inline\"><a href=\"https:\/\/www.facebook.com\/cialo.wroclaw\"><div class=\"cz_title_content\"><i class=\"cz_title_icon_before fab fa-facebook-square\"><\/i><div class=\"cz_wpe_content\"><h5><span style=\"color: #ea3832;\">Facebook:<\/span><\/h5><p>fb.com\/cialo.wroclaw<\/p><\/div><\/div><\/a><\/div>\r\n\t\t<\/div>\r\n\t\t\r\n\t\t\t\t\t\t<\/div>\n\t\t\t\t<\/div>\n\t\t\t\t<div class=\"elementor-element elementor-element-2fef8fb elementor-widget elementor-widget-cz_title\" data-id=\"2fef8fb\" data-element_type=\"widget\" data-widget_type=\"cz_title.default\">\n\t\t\t\t<div class=\"elementor-widget-container\">\n\t\t\t\t\t\t\r\n\t\t<div>\r\n\t\t\t<div class=\"cz_title clr cz_title_has_icon cz_title_pos_inline\"><a href=\"https:\/\/www.instagram.com\/cialo.wroclaw\/\"><div class=\"cz_title_content\"><i class=\"cz_title_icon_before fab fa-instagram\"><\/i><div class=\"cz_wpe_content\"><h5><span style=\"color: #ea3832;\">Instagram:<\/span><\/h5><p>@cialo.wroclaw<\/p><\/div><\/div><\/a><\/div>\r\n\t\t<\/div>\r\n\t\t\r\n\t\t\t\t\t\t<\/div>\n\t\t\t\t<\/div>\n\t\t\t\t<div class=\"elementor-element elementor-element-511c99a elementor-widget elementor-widget-cz_title\" data-id=\"511c99a\" data-element_type=\"widget\" data-widget_type=\"cz_title.default\">\n\t\t\t\t<div class=\"elementor-widget-container\">\n\t\t\t\t\t\t\r\n\t\t<div>\r\n\t\t\t<div class=\"cz_title clr cz_title_has_icon cz_title_pos_inline\"><a href=\"https:\/\/www.tiktok.com\/@cialo.wroclaw\"><div class=\"cz_title_content\"><i class=\"cz_title_icon_before fab fa-tiktok\"><\/i><div class=\"cz_wpe_content\"><h5><span style=\"color: #ea3832;\">TikTok:<\/span><\/h5><p>@cialo.wroclaw<\/p><\/div><\/div><\/a><\/div>\r\n\t\t<\/div>\r\n\t\t\r\n\t\t\t\t\t\t<\/div>\n\t\t\t\t<\/div>\n\t\t\t\t<\/div>\n\t\t\t\t\t<\/div>\n\t\t\t\t<\/div>\n\t\t\t\t<\/div>","protected":false},"excerpt":{"rendered":"<p>E-mail: shop@cialo.org Adres: Klub Cia\u0142oJoannit\u00f3w 13 50-086 Wroc\u0142aw Adres firmy: FULLGRASP &#8230; <\/p>","protected":false},"author":1,"featured_media":0,"parent":0,"menu_order":0,"comment_status":"closed","ping_status":"closed","template":"","meta":{"footnotes":""},"class_list":["post-17","page","type-page","status-publish","hentry"],"_links":{"self":[{"href":"https:\/\/cialo.org\/en\/wp-json\/wp\/v2\/pages\/17","targetHints":{"allow":["GET"]}}],"collection":[{"href":"https:\/\/cialo.org\/en\/wp-json\/wp\/v2\/pages"}],"about":[{"href":"https:\/\/cialo.org\/en\/wp-json\/wp\/v2\/types\/page"}],"author":[{"embeddable":true,"href":"https:\/\/cialo.org\/en\/wp-json\/wp\/v2\/users\/1"}],"replies":[{"embeddable":true,"href":"https:\/\/cialo.org\/en\/wp-json\/wp\/v2\/comments?post=17"}],"version-history":[{"count":22,"href":"https:\/\/cialo.org\/en\/wp-json\/wp\/v2\/pages\/17\/revisions"}],"predecessor-version":[{"id":2307,"href":"https:\/\/cialo.org\/en\/wp-json\/wp\/v2\/pages\/17\/revisions\/2307"}],"wp:attachment":[{"href":"https:\/\/cialo.org\/en\/wp-json\/wp\/v2\/media?parent=17"}],"curies":[{"name":"wp","href":"https:\/\/api.w.org\/{rel}","templated":true}]}}