{"id":2045,"date":"2025-09-29T15:22:51","date_gmt":"2025-09-29T13:22:51","guid":{"rendered":"https:\/\/cialo.org\/?page_id=2045"},"modified":"2025-12-07T16:10:11","modified_gmt":"2025-12-07T15:10:11","slug":"sklep","status":"publish","type":"page","link":"https:\/\/cialo.org\/en\/sklep\/","title":{"rendered":"Shop"},"content":{"rendered":"<div data-elementor-type=\"wp-page\" data-elementor-id=\"2045\" class=\"elementor elementor-2045\">\n\t\t\t\t<div class=\"elementor-element elementor-element-70e406d5 e-flex e-con-boxed e-con e-parent\" data-id=\"70e406d5\" data-element_type=\"container\">\n\t\t\t\t\t<div class=\"e-con-inner\">\n\t\t\t\t<div class=\"elementor-element elementor-element-96909e8 elementor-widget elementor-widget-cz_shopping_cart\" data-id=\"96909e8\" data-element_type=\"widget\" data-widget_type=\"cz_shopping_cart.default\">\n\t\t\t\t<div class=\"elementor-widget-container\">\n\t\t\t\t\t<div class=\"cz_helm_pos_right xtra-inline-element elms_shop_cart\"><a class=\"shop_icon noborder\" href=\"https:\/\/cialo.org\/en\/cart\/\" aria-label=\"Cart\"><i class=\"xtra-search-icon fas fa-shopping-basket\" data-xtra-icon=\"fa fa-shopping-basket\"><\/i><\/a><div class=\"cz_cart\"><\/div><\/div>\t\t\t\t<\/div>\n\t\t\t\t<\/div>\n\t\t\t\t<div class=\"elementor-element elementor-element-09352a9 elementor-widget elementor-widget-cz_products\" data-id=\"09352a9\" data-element_type=\"widget\" data-widget_type=\"cz_products.default\">\n\t\t\t\t<div class=\"elementor-widget-container\">\n\t\t\t\t\t<div class=\"woocommerce columns-4\"><ul class=\"products columns-4\">\n<li class=\"product type-product post-2366 status-publish first instock product_cat-merch has-post-thumbnail taxable shipping-taxable purchasable product-type-variable\">\n\t<a href=\"https:\/\/cialo.org\/en\/product\/socks-pink-white\/\" class=\"woocommerce-LoopProduct-link woocommerce-loop-product__link\"><div class=\"xtra-product-thumbnail\"><div class=\"xtra-product-icons cz_tooltip_left\" data-id=\"2366\"><i class=\"fa fa-heart-o xtra-add-to-wishlist\" data-title=\"Add to wishlist\"><\/i><i class=\"fa czico-shuffle xtra-add-to-compare\" data-title=\"Add to compare\" data-nonce=\"4c3015fe67\"><\/i><i class=\"fa czico-146-search-4 xtra-product-quick-view\" data-title=\"Quick view\" data-nonce=\"6f6fbe0ab0\"><\/i><\/div><img fetchpriority=\"high\" decoding=\"async\" width=\"600\" height=\"900\" src=\"https:\/\/cialo.org\/wp-content\/uploads\/2025\/12\/Rozowe-skarpetki-na-tle-sciany-600x900.png\" class=\"attachment-woocommerce_thumbnail size-woocommerce_thumbnail\" alt=\"SOCKS PINK + WHITE\" srcset=\"https:\/\/cialo.org\/wp-content\/uploads\/2025\/12\/Rozowe-skarpetki-na-tle-sciany-600x900.png 600w, https:\/\/cialo.org\/wp-content\/uploads\/2025\/12\/Rozowe-skarpetki-na-tle-sciany-200x300.png 200w, https:\/\/cialo.org\/wp-content\/uploads\/2025\/12\/Rozowe-skarpetki-na-tle-sciany-683x1024.png 683w, https:\/\/cialo.org\/wp-content\/uploads\/2025\/12\/Rozowe-skarpetki-na-tle-sciany-768x1152.png 768w, https:\/\/cialo.org\/wp-content\/uploads\/2025\/12\/Rozowe-skarpetki-na-tle-sciany-8x12.png 8w, https:\/\/cialo.org\/wp-content\/uploads\/2025\/12\/Rozowe-skarpetki-na-tle-sciany-1000x1500.png 1000w, https:\/\/cialo.org\/wp-content\/uploads\/2025\/12\/Rozowe-skarpetki-na-tle-sciany.png 1024w\" sizes=\"(max-width: 600px) 100vw, 600px\" \/><\/div><h2 class=\"woocommerce-loop-product__title\">SOCKS PINK + WHITE<span class=\"codevz-product-category-after-title\">Merch<\/span><\/h2>\n\t<span class=\"price\"><span class=\"woocommerce-Price-amount amount\"><bdi>49,00&nbsp;<span class=\"woocommerce-Price-currencySymbol\">&#122;&#322;<\/span><\/bdi><\/span><\/span>\n<\/a><a href=\"https:\/\/cialo.org\/en\/product\/socks-pink-white\/\" aria-describedby=\"woocommerce_loop_add_to_cart_link_describedby_2366\" data-quantity=\"1\" class=\"button product_type_variable add_to_cart_button\" data-product_id=\"2366\" data-product_sku=\"\" aria-label=\"Select options for \u201cSOCKS PINK + WHITE\u201d\" rel=\"nofollow\" data-no-translation=\"\" data-trp-gettext=\"\" data-no-translation-aria-label=\"\">Select options<\/a>\t<span id=\"woocommerce_loop_add_to_cart_link_describedby_2366\" class=\"screen-reader-text\">\n\t\tThis product has multiple variants. The options may be chosen on the product page\t<\/span>\n<\/li>\n<li class=\"product type-product post-2361 status-publish instock product_cat-merch has-post-thumbnail taxable shipping-taxable purchasable product-type-variable\">\n\t<a href=\"https:\/\/cialo.org\/en\/product\/socks-black-white\/\" class=\"woocommerce-LoopProduct-link woocommerce-loop-product__link\"><div class=\"xtra-product-thumbnail\"><div class=\"xtra-product-icons cz_tooltip_left\" data-id=\"2361\"><i class=\"fa fa-heart-o xtra-add-to-wishlist\" data-title=\"Add to wishlist\"><\/i><i class=\"fa czico-shuffle xtra-add-to-compare\" data-title=\"Add to compare\" data-nonce=\"4c3015fe67\"><\/i><i class=\"fa czico-146-search-4 xtra-product-quick-view\" data-title=\"Quick view\" data-nonce=\"6f6fbe0ab0\"><\/i><\/div><img decoding=\"async\" width=\"600\" height=\"900\" src=\"https:\/\/cialo.org\/wp-content\/uploads\/2025\/12\/ChatGPT-Image-17-gru-2025-19_05_54-600x900.png\" class=\"attachment-woocommerce_thumbnail size-woocommerce_thumbnail\" alt=\"SOCKS BLACK + WHITE\" srcset=\"https:\/\/cialo.org\/wp-content\/uploads\/2025\/12\/ChatGPT-Image-17-gru-2025-19_05_54-600x900.png 600w, https:\/\/cialo.org\/wp-content\/uploads\/2025\/12\/ChatGPT-Image-17-gru-2025-19_05_54-200x300.png 200w, https:\/\/cialo.org\/wp-content\/uploads\/2025\/12\/ChatGPT-Image-17-gru-2025-19_05_54-683x1024.png 683w, https:\/\/cialo.org\/wp-content\/uploads\/2025\/12\/ChatGPT-Image-17-gru-2025-19_05_54-768x1152.png 768w, https:\/\/cialo.org\/wp-content\/uploads\/2025\/12\/ChatGPT-Image-17-gru-2025-19_05_54-8x12.png 8w, https:\/\/cialo.org\/wp-content\/uploads\/2025\/12\/ChatGPT-Image-17-gru-2025-19_05_54-1000x1500.png 1000w, https:\/\/cialo.org\/wp-content\/uploads\/2025\/12\/ChatGPT-Image-17-gru-2025-19_05_54.png 1024w\" sizes=\"(max-width: 600px) 100vw, 600px\" \/><\/div><h2 class=\"woocommerce-loop-product__title\">SOCKS BLACK + WHITE<span class=\"codevz-product-category-after-title\">Merch<\/span><\/h2>\n\t<span class=\"price\"><span class=\"woocommerce-Price-amount amount\"><bdi>49,00&nbsp;<span class=\"woocommerce-Price-currencySymbol\">&#122;&#322;<\/span><\/bdi><\/span><\/span>\n<\/a><a href=\"https:\/\/cialo.org\/en\/product\/socks-black-white\/\" aria-describedby=\"woocommerce_loop_add_to_cart_link_describedby_2361\" data-quantity=\"1\" class=\"button product_type_variable add_to_cart_button\" data-product_id=\"2361\" data-product_sku=\"\" aria-label=\"Select options for \u201cSOCKS BLACK + WHITE\u201d\" rel=\"nofollow\" data-no-translation=\"\" data-trp-gettext=\"\" data-no-translation-aria-label=\"\">Select options<\/a>\t<span id=\"woocommerce_loop_add_to_cart_link_describedby_2361\" class=\"screen-reader-text\">\n\t\tThis product has multiple variants. The options may be chosen on the product page\t<\/span>\n<\/li>\n<li class=\"product type-product post-2278 status-publish outofstock product_cat-merch has-post-thumbnail taxable shipping-taxable purchasable product-type-variable cz_image cz_image_zoom_in\">\n\t<a href=\"https:\/\/cialo.org\/en\/product\/tshirt-black\/\" class=\"woocommerce-LoopProduct-link woocommerce-loop-product__link\"><div class=\"xtra-product-thumbnail\"><div class=\"xtra-product-icons cz_tooltip_left\" data-id=\"2278\"><i class=\"fa fa-heart-o xtra-add-to-wishlist\" data-title=\"Add to wishlist\"><\/i><i class=\"fa czico-shuffle xtra-add-to-compare\" data-title=\"Add to compare\" data-nonce=\"4c3015fe67\"><\/i><i class=\"fa czico-146-search-4 xtra-product-quick-view\" data-title=\"Quick view\" data-nonce=\"6f6fbe0ab0\"><\/i><\/div><div class=\"cz_image_in\"><div class=\"cz_main_image\"><img decoding=\"async\" width=\"600\" height=\"840\" src=\"https:\/\/cialo.org\/wp-content\/uploads\/2025\/12\/Zrzut-ekranu-2025-12-8-o-07.13.52-600x840.png\" class=\"attachment-woocommerce_thumbnail size-woocommerce_thumbnail\" alt=\"TSHIRT BLACK\" srcset=\"https:\/\/cialo.org\/wp-content\/uploads\/2025\/12\/Zrzut-ekranu-2025-12-8-o-07.13.52-600x840.png 600w, https:\/\/cialo.org\/wp-content\/uploads\/2025\/12\/Zrzut-ekranu-2025-12-8-o-07.13.52-214x300.png 214w, https:\/\/cialo.org\/wp-content\/uploads\/2025\/12\/Zrzut-ekranu-2025-12-8-o-07.13.52-732x1024.png 732w, https:\/\/cialo.org\/wp-content\/uploads\/2025\/12\/Zrzut-ekranu-2025-12-8-o-07.13.52-768x1075.png 768w, https:\/\/cialo.org\/wp-content\/uploads\/2025\/12\/Zrzut-ekranu-2025-12-8-o-07.13.52-1098x1536.png 1098w, https:\/\/cialo.org\/wp-content\/uploads\/2025\/12\/Zrzut-ekranu-2025-12-8-o-07.13.52-1000x1399.png 1000w, https:\/\/cialo.org\/wp-content\/uploads\/2025\/12\/Zrzut-ekranu-2025-12-8-o-07.13.52.png 1122w\" sizes=\"(max-width: 600px) 100vw, 600px\" \/><\/div><div class=\"cz_hover_image\"><img loading=\"lazy\" decoding=\"async\" width=\"600\" height=\"400\" src=\"https:\/\/cialo.org\/wp-content\/uploads\/2025\/12\/tshirt-3-front-scaled.png\" class=\"attachment-woocommerce_thumbnail size-woocommerce_thumbnail\" alt=\"\" srcset=\"https:\/\/cialo.org\/wp-content\/uploads\/2025\/12\/tshirt-3-front-scaled.png 2560w, https:\/\/cialo.org\/wp-content\/uploads\/2025\/12\/tshirt-3-front-300x200.png 300w\" sizes=\"(max-width: 600px) 100vw, 600px\" \/><\/div><\/div><\/div><h2 class=\"woocommerce-loop-product__title\">TSHIRT BLACK<span class=\"codevz-product-category-after-title\">Merch<\/span><\/h2>\n\t<span class=\"price\"><span class=\"woocommerce-Price-amount amount\"><bdi>149,00&nbsp;<span class=\"woocommerce-Price-currencySymbol\">&#122;&#322;<\/span><\/bdi><\/span><\/span>\n<span class=\"xtra-outofstock\">Sold out<\/span><\/a><a href=\"https:\/\/cialo.org\/en\/product\/tshirt-black\/\" aria-describedby=\"woocommerce_loop_add_to_cart_link_describedby_2278\" data-quantity=\"1\" class=\"button product_type_variable\" data-product_id=\"2278\" data-product_sku=\"\" aria-label=\"Select options for \u201cTSHIRT BLACK\u201d\" rel=\"nofollow\" data-no-translation=\"\" data-trp-gettext=\"\" data-no-translation-aria-label=\"\">Select options<\/a>\t<span id=\"woocommerce_loop_add_to_cart_link_describedby_2278\" class=\"screen-reader-text\">\n\t\tThis product has multiple variants. The options may be chosen on the product page\t<\/span>\n<\/li>\n<li class=\"product type-product post-2265 status-publish last outofstock product_cat-merch has-post-thumbnail taxable shipping-taxable purchasable product-type-variable cz_image cz_image_zoom_in\">\n\t<a href=\"https:\/\/cialo.org\/en\/product\/tshirt\/\" class=\"woocommerce-LoopProduct-link woocommerce-loop-product__link\"><div class=\"xtra-product-thumbnail\"><div class=\"xtra-product-icons cz_tooltip_left\" data-id=\"2265\"><i class=\"fa fa-heart-o xtra-add-to-wishlist\" data-title=\"Add to wishlist\"><\/i><i class=\"fa czico-shuffle xtra-add-to-compare\" data-title=\"Add to compare\" data-nonce=\"4c3015fe67\"><\/i><i class=\"fa czico-146-search-4 xtra-product-quick-view\" data-title=\"Quick view\" data-nonce=\"6f6fbe0ab0\"><\/i><\/div><div class=\"cz_image_in\"><div class=\"cz_main_image\"><img loading=\"lazy\" decoding=\"async\" width=\"600\" height=\"970\" src=\"https:\/\/cialo.org\/wp-content\/uploads\/2025\/12\/Zrzut-ekranu-2025-12-8-o-07.22.02.png\" class=\"attachment-woocommerce_thumbnail size-woocommerce_thumbnail\" alt=\"TSHIRT PINK\" srcset=\"https:\/\/cialo.org\/wp-content\/uploads\/2025\/12\/Zrzut-ekranu-2025-12-8-o-07.22.02.png 940w, https:\/\/cialo.org\/wp-content\/uploads\/2025\/12\/Zrzut-ekranu-2025-12-8-o-07.22.02-186x300.png 186w, https:\/\/cialo.org\/wp-content\/uploads\/2025\/12\/Zrzut-ekranu-2025-12-8-o-07.22.02-633x1024.png 633w, https:\/\/cialo.org\/wp-content\/uploads\/2025\/12\/Zrzut-ekranu-2025-12-8-o-07.22.02-768x1242.png 768w\" sizes=\"(max-width: 600px) 100vw, 600px\" \/><\/div><div class=\"cz_hover_image\"><img loading=\"lazy\" decoding=\"async\" width=\"600\" height=\"400\" src=\"https:\/\/cialo.org\/wp-content\/uploads\/2025\/12\/Kopia-T-Shirt-Mockup-rozowy-front-600x400.png\" class=\"attachment-woocommerce_thumbnail size-woocommerce_thumbnail\" alt=\"\" srcset=\"https:\/\/cialo.org\/wp-content\/uploads\/2025\/12\/Kopia-T-Shirt-Mockup-rozowy-front-600x400.png 600w, https:\/\/cialo.org\/wp-content\/uploads\/2025\/12\/Kopia-T-Shirt-Mockup-rozowy-front-300x200.png 300w, https:\/\/cialo.org\/wp-content\/uploads\/2025\/12\/Kopia-T-Shirt-Mockup-rozowy-front-1024x683.png 1024w, https:\/\/cialo.org\/wp-content\/uploads\/2025\/12\/Kopia-T-Shirt-Mockup-rozowy-front-768x512.png 768w, https:\/\/cialo.org\/wp-content\/uploads\/2025\/12\/Kopia-T-Shirt-Mockup-rozowy-front-1536x1024.png 1536w, https:\/\/cialo.org\/wp-content\/uploads\/2025\/12\/Kopia-T-Shirt-Mockup-rozowy-front-2048x1365.png 2048w, https:\/\/cialo.org\/wp-content\/uploads\/2025\/12\/Kopia-T-Shirt-Mockup-rozowy-front-1000x667.png 1000w\" sizes=\"(max-width: 600px) 100vw, 600px\" \/><\/div><\/div><\/div><h2 class=\"woocommerce-loop-product__title\">TSHIRT PINK<span class=\"codevz-product-category-after-title\">Merch<\/span><\/h2>\n\t<span class=\"price\"><span class=\"woocommerce-Price-amount amount\"><bdi>149,00&nbsp;<span class=\"woocommerce-Price-currencySymbol\">&#122;&#322;<\/span><\/bdi><\/span><\/span>\n<span class=\"xtra-outofstock\">Sold out<\/span><\/a><a href=\"https:\/\/cialo.org\/en\/product\/tshirt\/\" aria-describedby=\"woocommerce_loop_add_to_cart_link_describedby_2265\" data-quantity=\"1\" class=\"button product_type_variable\" data-product_id=\"2265\" data-product_sku=\"\" aria-label=\"Select options for \u201cTSHIRT PINK\u201d\" rel=\"nofollow\" data-no-translation=\"\" data-trp-gettext=\"\" data-no-translation-aria-label=\"\">Select options<\/a>\t<span id=\"woocommerce_loop_add_to_cart_link_describedby_2265\" class=\"screen-reader-text\">\n\t\tThis product has multiple variants. The options may be chosen on the product page\t<\/span>\n<\/li>\n<li class=\"product type-product post-2231 status-publish first instock product_cat-merch has-post-thumbnail taxable shipping-taxable purchasable product-type-variable cz_image cz_image_zoom_in\">\n\t<a href=\"https:\/\/cialo.org\/en\/product\/skarpetki-biale\/\" class=\"woocommerce-LoopProduct-link woocommerce-loop-product__link\"><div class=\"xtra-product-thumbnail\"><div class=\"xtra-product-icons cz_tooltip_left\" data-id=\"2231\"><i class=\"fa fa-heart-o xtra-add-to-wishlist\" data-title=\"Add to wishlist\"><\/i><i class=\"fa czico-shuffle xtra-add-to-compare\" data-title=\"Add to compare\" data-nonce=\"4c3015fe67\"><\/i><i class=\"fa czico-146-search-4 xtra-product-quick-view\" data-title=\"Quick view\" data-nonce=\"6f6fbe0ab0\"><\/i><\/div><div class=\"cz_image_in\"><div class=\"cz_main_image\"><img loading=\"lazy\" decoding=\"async\" width=\"600\" height=\"771\" src=\"https:\/\/cialo.org\/wp-content\/uploads\/2025\/11\/socks1-600x771.png\" class=\"attachment-woocommerce_thumbnail size-woocommerce_thumbnail\" alt=\"SOCKS WHITE + BLACK\" srcset=\"https:\/\/cialo.org\/wp-content\/uploads\/2025\/11\/socks1-600x771.png 600w, https:\/\/cialo.org\/wp-content\/uploads\/2025\/11\/socks1-233x300.png 233w, https:\/\/cialo.org\/wp-content\/uploads\/2025\/11\/socks1-796x1024.png 796w, https:\/\/cialo.org\/wp-content\/uploads\/2025\/11\/socks1-768x987.png 768w, https:\/\/cialo.org\/wp-content\/uploads\/2025\/11\/socks1.png 896w\" sizes=\"(max-width: 600px) 100vw, 600px\" \/><\/div><div class=\"cz_hover_image\"><img loading=\"lazy\" decoding=\"async\" width=\"600\" height=\"400\" src=\"https:\/\/cialo.org\/wp-content\/uploads\/2025\/11\/socks2-600x400.jpg\" class=\"attachment-woocommerce_thumbnail size-woocommerce_thumbnail\" alt=\"\" srcset=\"https:\/\/cialo.org\/wp-content\/uploads\/2025\/11\/socks2-600x400.jpg 600w, https:\/\/cialo.org\/wp-content\/uploads\/2025\/11\/socks2-300x200.jpg 300w, https:\/\/cialo.org\/wp-content\/uploads\/2025\/11\/socks2-1024x683.jpg 1024w, https:\/\/cialo.org\/wp-content\/uploads\/2025\/11\/socks2-768x512.jpg 768w, https:\/\/cialo.org\/wp-content\/uploads\/2025\/11\/socks2-1536x1024.jpg 1536w, https:\/\/cialo.org\/wp-content\/uploads\/2025\/11\/socks2-2048x1365.jpg 2048w, https:\/\/cialo.org\/wp-content\/uploads\/2025\/11\/socks2-1000x667.jpg 1000w\" sizes=\"(max-width: 600px) 100vw, 600px\" \/><\/div><\/div><\/div><h2 class=\"woocommerce-loop-product__title\">SOCKS WHITE + BLACK<span class=\"codevz-product-category-after-title\">Merch<\/span><\/h2>\n\t<span class=\"price\"><span class=\"woocommerce-Price-amount amount\"><bdi>49,00&nbsp;<span class=\"woocommerce-Price-currencySymbol\">&#122;&#322;<\/span><\/bdi><\/span><\/span>\n<\/a><a href=\"https:\/\/cialo.org\/en\/product\/skarpetki-biale\/\" aria-describedby=\"woocommerce_loop_add_to_cart_link_describedby_2231\" data-quantity=\"1\" class=\"button product_type_variable add_to_cart_button\" data-product_id=\"2231\" data-product_sku=\"\" aria-label=\"Select options for \u201cSOCKS WHITE + BLACK\u201d\" rel=\"nofollow\" data-no-translation=\"\" data-trp-gettext=\"\" data-no-translation-aria-label=\"\">Select options<\/a>\t<span id=\"woocommerce_loop_add_to_cart_link_describedby_2231\" class=\"screen-reader-text\">\n\t\tThis product has multiple variants. The options may be chosen on the product page\t<\/span>\n<\/li>\n<\/ul>\n<div id=\"cz_xtra_quick_view\" class=\"cz_xtra_quick_view\"><div id=\"xtra_quick_view\" class=\"cz_popup_modal clr\"><div class=\"cz_popup_in\"><div><\/div><i class=\"fa czico-198-cancel cz_close_popup\"><\/i><\/div><div class=\"cz_overlay\"><\/div><\/div><\/div><div id=\"cz_xtra_wish_compare\" class=\"cz_xtra_wish_compare\"><div id=\"xtra_wish_compare\" class=\"cz_popup_modal clr\"><div class=\"cz_popup_in\"><div><i class=\"fa fa-check\"><\/i><h3>...<\/h3><span>Product has been added to your list.<\/span><a href=\"#\" class=\"button\"><span><strong><\/strong><i class=\"fas fa-chevron-right\"><\/i><\/span><\/a><\/div><i class=\"fa czico-198-cancel cz_close_popup\"><\/i><\/div><div class=\"cz_overlay\"><\/div><\/div><\/div><div class=\"codevz-added-to-cart-notif\"><i class=\"fa fa-check\"><\/i><span>\"<strong><\/strong>\" has been added to your cart.<a class=\"button\" href=\"https:\/\/cialo.org\/en\/cart\/\">View cart<\/a><\/span><\/div><\/div>\t\t\t\t<\/div>\n\t\t\t\t<\/div>\n\t\t\t\t\t<\/div>\n\t\t\t\t<\/div>\n\t\t\t\t<\/div>","protected":false},"excerpt":{"rendered":"<p>Skarpetki bia\u0142e NEWDowiedz si\u0119 wi\u0119cej Skarpety r\u00f3\u017cowe 49,00&nbsp;&#122;&#322; NEWDodaj do koszyka &#8230; <\/p>","protected":false},"author":1,"featured_media":0,"parent":0,"menu_order":0,"comment_status":"closed","ping_status":"closed","template":"","meta":{"footnotes":""},"class_list":["post-2045","page","type-page","status-publish","hentry"],"_links":{"self":[{"href":"https:\/\/cialo.org\/en\/wp-json\/wp\/v2\/pages\/2045","targetHints":{"allow":["GET"]}}],"collection":[{"href":"https:\/\/cialo.org\/en\/wp-json\/wp\/v2\/pages"}],"about":[{"href":"https:\/\/cialo.org\/en\/wp-json\/wp\/v2\/types\/page"}],"author":[{"embeddable":true,"href":"https:\/\/cialo.org\/en\/wp-json\/wp\/v2\/users\/1"}],"replies":[{"embeddable":true,"href":"https:\/\/cialo.org\/en\/wp-json\/wp\/v2\/comments?post=2045"}],"version-history":[{"count":4,"href":"https:\/\/cialo.org\/en\/wp-json\/wp\/v2\/pages\/2045\/revisions"}],"predecessor-version":[{"id":2257,"href":"https:\/\/cialo.org\/en\/wp-json\/wp\/v2\/pages\/2045\/revisions\/2257"}],"wp:attachment":[{"href":"https:\/\/cialo.org\/en\/wp-json\/wp\/v2\/media?parent=2045"}],"curies":[{"name":"wp","href":"https:\/\/api.w.org\/{rel}","templated":true}]}}